{"id":37,"date":"2025-10-25T16:30:56","date_gmt":"2025-10-25T16:30:56","guid":{"rendered":"https:\/\/katharina-schmidt-engineering.de\/?page_id=37"},"modified":"2026-03-29T15:25:55","modified_gmt":"2026-03-29T14:25:55","slug":"ueber-mich","status":"publish","type":"page","link":"https:\/\/katharina-schmidt-engineering.de\/en\/ueber-mich\/","title":{"rendered":"Katharina Schmidt \u2013 freelance software development engineer in Dresden"},"content":{"rendered":"<h1 class=\"gb-text\">About me<\/h1>\n\n\n\n<div class=\"wp-block-columns is-layout-flex wp-container-core-columns-is-layout-9d6595d7 wp-block-columns-is-layout-flex\">\n<div class=\"wp-block-column is-layout-flow wp-block-column-is-layout-flow\" style=\"flex-basis:100%\">\n<div class=\"gb-element-04e51027 profil-container animated slideInUp\">\n<div>\n<figure class=\"wp-block-image size-large has-custom-border photo\"><img data-opt-id=1332011120  fetchpriority=\"high\" decoding=\"async\" width=\"1024\" height=\"1013\" src=\"https:\/\/mll2xneynph8.i.optimole.com\/cb:Y_xD.62c\/w:1024\/h:1013\/q:mauto\/f:best\/https:\/\/katharina-schmidt-engineering.de\/wp-content\/uploads\/2025\/10\/Profil_Zuschnitt.png\" alt=\"Profilbild\" class=\"wp-image-10\" style=\"border-radius:15px\" srcset=\"https:\/\/mll2xneynph8.i.optimole.com\/cb:Y_xD.62c\/w:1024\/h:1013\/q:mauto\/f:best\/https:\/\/katharina-schmidt-engineering.de\/wp-content\/uploads\/2025\/10\/Profil_Zuschnitt-scaled.png 1024w, https:\/\/mll2xneynph8.i.optimole.com\/cb:Y_xD.62c\/w:300\/h:297\/q:mauto\/f:best\/https:\/\/katharina-schmidt-engineering.de\/wp-content\/uploads\/2025\/10\/Profil_Zuschnitt-scaled.png 300w, https:\/\/mll2xneynph8.i.optimole.com\/cb:Y_xD.62c\/w:768\/h:760\/q:mauto\/f:best\/https:\/\/katharina-schmidt-engineering.de\/wp-content\/uploads\/2025\/10\/Profil_Zuschnitt-scaled.png 768w, https:\/\/mll2xneynph8.i.optimole.com\/cb:Y_xD.62c\/w:1536\/h:1519\/q:mauto\/f:best\/https:\/\/katharina-schmidt-engineering.de\/wp-content\/uploads\/2025\/10\/Profil_Zuschnitt-scaled.png 1536w, https:\/\/mll2xneynph8.i.optimole.com\/cb:Y_xD.62c\/w:1920\/h:1898\/q:mauto\/f:best\/https:\/\/katharina-schmidt-engineering.de\/wp-content\/uploads\/2025\/10\/Profil_Zuschnitt-scaled.png 2048w\" sizes=\"(max-width: 1024px) 100vw, 1024px\" \/><\/figure>\n<\/div>\n\n\n\n<div class=\"intro\">\n<p>I'm a <strong>long-time expert in machine learning and deep learning applications<\/strong>. My focus is on unstructured data, such as image data, and cloud-native database systems like Snowflake and Databricks. As a data scientist, I use Python to bring order to chaos and create the best conditions for successful AI training. My experience as a machine learning engineer then enables targeted training and rapid optimization of the models. Using C#, I can subsequently design desktop and browser applications for greater user-friendliness. The trained models are then integrated into these applications in the background and represent the AI\u2019s output.<\/p>\n\n\n\n<p>I place particular emphasis on software design based on best practices and clear documentation.<\/p>\n<\/div>\n<\/div>\n<\/div>\n<\/div>\n\n\n\n<div>\n<p>Most of my programming and data analysis is done in <strong>Python<\/strong>, that's the easiest way <strong>to train neural networks on graphics cards<\/strong> and thereby significantly speed up this process. The models can be saved in a universal format and then integrated into a wide variety of user interfaces that run reliably on different operating systems without any additional requirements. Alternatively, you can also use web interfaces and deploy the models <strong>locally on premise or in the cloud <\/strong>, to access the models from anywhere via the internet. Depending on the application, a different solution may be appropriate, which needs to be tailored to your specific needs. I provide graphical user interfaces and desktop applications with <strong>C# (.NET framework)<\/strong> , here, too, the design depends on your application and the project requirements.<\/p>\n\n\n\n<p>Conducting project meetings and giving presentations in English is just as much a part of my service as providing <strong>practical support for local businesses<\/strong> in Saxony. Whether your company is based in Dresden, Berlin, Munich, or San Diego, I look forward to <strong>joint projects, including those in an international context.<\/strong>.<\/p>\n\n\n\n<p>You can find examples of smaller programming projects on my <a href=\"https:\/\/github.com\/Katharina-Schmidt-Engineering\" data-type=\"link\" data-id=\"https:\/\/github.com\/Katharina-Schmidt-Engineering\">GitHub Profile<\/a>.<\/p>\n<\/div>\n\n\n\n<div class=\"wp-block-group animated slideInUp has-color-accent-text-mod-color has-color-accent-mod-background-color has-text-color has-background has-link-color wp-elements-f4da70b99ad677b4b3c1f699f140c4d2\" style=\"border-radius:15px;margin-top:var(--wp--preset--spacing--40);margin-bottom:var(--wp--preset--spacing--40)\"><div class=\"wp-block-group__inner-container is-layout-constrained wp-block-group-is-layout-constrained\">\n<div class=\"wp-block-columns is-layout-flex wp-container-core-columns-is-layout-9d6595d7 wp-block-columns-is-layout-flex\">\n<div class=\"wp-block-column is-layout-flow wp-block-column-is-layout-flow\">\n<h2 class=\"wp-block-heading\">TechStack<\/h2>\n\n\n\n<ul style=\"border-radius:10px\" class=\"wp-block-list has-theme-palette-9-color has-theme-palette-1-background-color has-text-color has-background has-link-color wp-elements-77b6248f7cc83c4ee94350d14863d91f\">\n<li><strong>Python:<\/strong> TensorFlow, PyTorch, scikit-learn, MLFlow<\/li>\n\n\n\n<li><strong>C# :<\/strong>.NET10 &amp; Avalonia UI<\/li>\n\n\n\n<li><strong>IoT Communication:<\/strong> OPC-UA, TCP\/IP<\/li>\n\n\n\n<li>AWS<\/li>\n\n\n\n<li>Databricks, Snowflake<\/li>\n\n\n\n<li>MatLab<\/li>\n\n\n\n<li>GitLab \/ GitHub<\/li>\n<\/ul>\n<\/div>\n\n\n\n<div class=\"wp-block-column is-layout-flow wp-block-column-is-layout-flow\">\n<h2 class=\"gb-text\">Education<\/h2>\n\n\n\n<ul style=\"border-radius:10px\" class=\"wp-block-list has-theme-palette-9-color has-theme-palette-1-background-color has-text-color has-background has-link-color wp-elements-04ddb5400d578fd936cd3b58b1f04144\">\n<li>Ph.D. in Electrical Engineering (TU Dresden)<\/li>\n\n\n\n<li>Medical studies<\/li>\n\n\n\n<li>M.Sc. General Mechanical Engineering (RWTH Aachen University)<\/li>\n\n\n\n<li>B.Sc. Mechanical Engineering (TU Dortmund)<\/li>\n<\/ul>\n<\/div>\n<\/div>\n\n\n\n<div class=\"wp-block-columns is-layout-flex wp-container-core-columns-is-layout-9d6595d7 wp-block-columns-is-layout-flex\">\n<div class=\"wp-block-column is-layout-flow wp-block-column-is-layout-flow\">\n<figure class=\"wp-block-image size-full\"><a href=\"https:\/\/www.credly.com\/badges\/5f3600b4-7f34-47a5-a6d5-91267c5761e8\/public_url\"><img data-opt-id=738763345  fetchpriority=\"high\" decoding=\"async\" width=\"600\" height=\"600\" src=\"https:\/\/mll2xneynph8.i.optimole.com\/cb:Y_xD.62c\/w:auto\/h:auto\/q:mauto\/f:best\/https:\/\/katharina-schmidt-engineering.de\/wp-content\/uploads\/2026\/02\/image_cloud_practitioner.png\" alt=\"\" class=\"wp-image-1489\" srcset=\"https:\/\/mll2xneynph8.i.optimole.com\/cb:Y_xD.62c\/w:600\/h:600\/q:mauto\/f:best\/https:\/\/katharina-schmidt-engineering.de\/wp-content\/uploads\/2026\/02\/image_cloud_practitioner.png 600w, https:\/\/mll2xneynph8.i.optimole.com\/cb:Y_xD.62c\/w:300\/h:300\/q:mauto\/f:best\/https:\/\/katharina-schmidt-engineering.de\/wp-content\/uploads\/2026\/02\/image_cloud_practitioner.png 300w, https:\/\/mll2xneynph8.i.optimole.com\/cb:Y_xD.62c\/w:150\/h:150\/q:mauto\/f:best\/https:\/\/katharina-schmidt-engineering.de\/wp-content\/uploads\/2026\/02\/image_cloud_practitioner.png 150w, https:\/\/mll2xneynph8.i.optimole.com\/cb:Y_xD.62c\/w:12\/h:12\/q:mauto\/f:best\/dpr:2\/https:\/\/katharina-schmidt-engineering.de\/wp-content\/uploads\/2026\/02\/image_cloud_practitioner.png 12w\" sizes=\"(max-width: 600px) 100vw, 600px\" \/><\/a><\/figure>\n<\/div>\n\n\n\n<div class=\"wp-block-column is-layout-flow wp-block-column-is-layout-flow\">\n<figure class=\"wp-block-image size-full\"><a href=\"https:\/\/www.credly.com\/badges\/b9319edd-2bc7-4d4e-b1aa-5738fa930727\/public_url\"><img data-opt-id=969450991  data-opt-src=\"https:\/\/mll2xneynph8.i.optimole.com\/cb:Y_xD.62c\/w:auto\/h:auto\/q:mauto\/f:best\/https:\/\/katharina-schmidt-engineering.de\/wp-content\/uploads\/2026\/02\/image_solutions_architect-1.png\"  decoding=\"async\" width=\"600\" height=\"600\" src=\"data:image/svg+xml,%3Csvg%20viewBox%3D%220%200%20100%%20100%%22%20width%3D%22100%%22%20height%3D%22100%%22%20xmlns%3D%22http%3A%2F%2Fwww.w3.org%2F2000%2Fsvg%22%3E%3Crect%20width%3D%22100%%22%20height%3D%22100%%22%20fill%3D%22transparent%22%2F%3E%3C%2Fsvg%3E\" alt=\"\" class=\"wp-image-1483\" old-srcset=\"https:\/\/mll2xneynph8.i.optimole.com\/cb:Y_xD.62c\/w:600\/h:600\/q:mauto\/f:best\/https:\/\/katharina-schmidt-engineering.de\/wp-content\/uploads\/2026\/02\/image_solutions_architect-1.png 600w, https:\/\/mll2xneynph8.i.optimole.com\/cb:Y_xD.62c\/w:300\/h:300\/q:mauto\/f:best\/https:\/\/katharina-schmidt-engineering.de\/wp-content\/uploads\/2026\/02\/image_solutions_architect-1.png 300w, https:\/\/mll2xneynph8.i.optimole.com\/cb:Y_xD.62c\/w:150\/h:150\/q:mauto\/f:best\/https:\/\/katharina-schmidt-engineering.de\/wp-content\/uploads\/2026\/02\/image_solutions_architect-1.png 150w, https:\/\/mll2xneynph8.i.optimole.com\/cb:Y_xD.62c\/w:12\/h:12\/q:mauto\/f:best\/dpr:2\/https:\/\/katharina-schmidt-engineering.de\/wp-content\/uploads\/2026\/02\/image_solutions_architect-1.png 12w\" \/><\/a><\/figure>\n<\/div>\n\n\n\n<div class=\"wp-block-column is-layout-flow wp-block-column-is-layout-flow\"><\/div>\n\n\n\n<div class=\"wp-block-column is-layout-flow wp-block-column-is-layout-flow\"><\/div>\n<\/div>\n<\/div><\/div>\n\n\n\n<p><\/p>","protected":false},"excerpt":{"rendered":"<p>\u00dcber mich Ich bin langj\u00e4hrige Expertin f\u00fcr Machine und Deep Learning Anwendungen. Mein Fokus sind dabei unstrukturierte Daten wie Bilddaten und cloud-native Datenbankensysteme wie Snowflake und Databricks. Als Data Scientist bringe ich mit Python Ordnung ins Chaos und schaffe die besten Vorraussetzungen f\u00fcr erfolgreiches KI-Training. Erfahrungen als Machine Learning Engineer erm\u00f6glichen danach ein zielgerichtetes Training&#8230;<\/p>","protected":false},"author":1,"featured_media":0,"parent":0,"menu_order":1,"comment_status":"closed","ping_status":"closed","template":"","meta":{"_kad_post_transparent":"","_kad_post_title":"","_kad_post_layout":"","_kad_post_sidebar_id":"","_kad_post_content_style":"","_kad_post_vertical_padding":"","_kad_post_feature":"","_kad_post_feature_position":"","_kad_post_header":false,"_kad_post_footer":false,"_kad_post_classname":"","footnotes":""},"class_list":["post-37","page","type-page","status-publish","hentry"],"_links":{"self":[{"href":"https:\/\/katharina-schmidt-engineering.de\/en\/wp-json\/wp\/v2\/pages\/37","targetHints":{"allow":["GET"]}}],"collection":[{"href":"https:\/\/katharina-schmidt-engineering.de\/en\/wp-json\/wp\/v2\/pages"}],"about":[{"href":"https:\/\/katharina-schmidt-engineering.de\/en\/wp-json\/wp\/v2\/types\/page"}],"author":[{"embeddable":true,"href":"https:\/\/katharina-schmidt-engineering.de\/en\/wp-json\/wp\/v2\/users\/1"}],"replies":[{"embeddable":true,"href":"https:\/\/katharina-schmidt-engineering.de\/en\/wp-json\/wp\/v2\/comments?post=37"}],"version-history":[{"count":321,"href":"https:\/\/katharina-schmidt-engineering.de\/en\/wp-json\/wp\/v2\/pages\/37\/revisions"}],"predecessor-version":[{"id":1818,"href":"https:\/\/katharina-schmidt-engineering.de\/en\/wp-json\/wp\/v2\/pages\/37\/revisions\/1818"}],"wp:attachment":[{"href":"https:\/\/katharina-schmidt-engineering.de\/en\/wp-json\/wp\/v2\/media?parent=37"}],"curies":[{"name":"wp","href":"https:\/\/api.w.org\/{rel}","templated":true}]}}