{"id":356,"date":"2025-10-25T18:05:24","date_gmt":"2025-10-25T18:05:24","guid":{"rendered":"https:\/\/katharina-schmidt-engineering.de\/?page_id=356"},"modified":"2026-02-27T12:39:18","modified_gmt":"2026-02-27T11:39:18","slug":"datenschutz","status":"publish","type":"page","link":"https:\/\/katharina-schmidt-engineering.de\/en\/datenschutz\/","title":{"rendered":"Datenschutz"},"content":{"rendered":"<h1 class=\"gb-text\">Privacy Policy<\/h1>\n\n\n\n<div class=\"content-block\">\n<h2 class=\"wp-block-heading\">1) Einleitung und Kontaktdaten des Verantwortlichen<\/h2>\n\n\n\n<p><strong>1.1<\/strong>&nbsp;Ich freue mich, dass Sie unsere Website besuchen, und bedanke mich f\u00fcr Ihr Interesse. Im Folgenden informiere ich Sie \u00fcber den Umgang mit Ihren personenbezogenen Daten bei der Nutzung meiner Website. Personenbezogene Daten sind hierbei alle Daten, mit denen Sie pers\u00f6nlich identifiziert werden k\u00f6nnen.<\/p>\n\n\n\n<p><strong>1.2<\/strong>\u00a0Verantwortlicher f\u00fcr die Datenverarbeitung auf dieser Website im Sinne der Datenschutz-Grundverordnung (DSGVO) ist Katharina Schmidt, Co-Working-Space Striesen, WittenbergerStr. 96, 01277 Dresden, Deutschland, Tel.: +4915736776507, E-Mail: schmidt@katharina-schmidt-engineering.de. Der f\u00fcr die Verarbeitung von personenbezogenen Daten Verantwortliche ist diejenige nat\u00fcrliche oder juristische Person, die allein oder gemeinsam mit anderen \u00fcber die Zwecke und Mittel der Verarbeitung von personenbezogenen Daten entscheidet.<\/p>\n\n\n\n<h2 class=\"wp-block-heading\">2) Datenerfassung beim Besuch unserer Website<\/h2>\n\n\n\n<p><strong>2.1<\/strong>&nbsp;Bei der blo\u00df informatorischen Nutzung unserer Website, also wenn Sie sich nicht registrieren oder mir anderweitig Informationen \u00fcbermitteln, erhebe ich nur solche Daten, die Ihr Browser an den Seitenserver \u00fcbermittelt (sog. \u201eServer-Logfiles\u201c). Wenn Sie meine Website aufrufen, erhebe ich die folgenden Daten, die f\u00fcr mich technisch erforderlich sind, um Ihnen die Website anzuzeigen:<\/p>\n\n\n\n<ul class=\"wp-block-list\">\n<li>Meine besuchte Website<\/li>\n\n\n\n<li>Datum und Uhrzeit zum Zeitpunkt des Zugriffes<\/li>\n\n\n\n<li>Menge der gesendeten Daten in Byte<\/li>\n\n\n\n<li>Quelle\/Verweis, von welchem Sie auf die Seite gelangten<\/li>\n\n\n\n<li>Verwendeter Browser<\/li>\n\n\n\n<li>Verwendetes Betriebssystem<\/li>\n\n\n\n<li>Verwendete IP-Adresse (ggf.: in anonymisierter Form)<\/li>\n<\/ul>\n\n\n\n<p>Die Verarbeitung erfolgt gem\u00e4\u00df Art. 6 Abs. 1 lit. f DSGVO auf Basis meines berechtigten Interesses an der Verbesserung der Stabilit\u00e4t und Funktionalit\u00e4t unserer Website. Eine Weitergabe oder anderweitige Verwendung der Daten findet nicht statt. Ich behalte mir allerdings vor, die Server-Logfiles nachtr\u00e4glich zu \u00fcberpr\u00fcfen, sollten konkrete Anhaltspunkte auf eine rechtswidrige Nutzung hinweisen.<\/p>\n\n\n\n<p><strong>2.2<\/strong>&nbsp;Diese Website nutzt aus Sicherheitsgr\u00fcnden und zum Schutz der \u00dcbertragung personenbezogener Daten und anderer vertraulicher Inhalte (z.B. Bestellungen oder Anfragen an den Verantwortlichen) eine SSL-bzw. TLS-Verschl\u00fcsselung. Sie k\u00f6nnen eine verschl\u00fcsselte Verbindung an der Zeichenfolge \u201ehttps:\/\/\u201c und dem Schloss-Symbol in Ihrer Browserzeile erkennen.<\/p>\n\n\n\n<h2 class=\"wp-block-heading\">3) Hosting &amp; Content-Delivery-Network<\/h2>\n\n\n\n<p>F\u00fcr das Hosting unserer Website und die Darstellung der Seiteninhalte nutze ich einen Anbieter, der seine Leistungen selbst oder durch ausgew\u00e4hlte Sub-Unternehmer ausschlie\u00dflich auf Servern innerhalb der Europ\u00e4ischen Union erbringt.<\/p>\n\n\n\n<p>S\u00e4mtliche auf unserer Website erhobenen Daten werden auf diesen Servern verarbeitet.<\/p>\n\n\n\n<p>Ich habe mit dem Anbieter einen Auftragsverarbeitungsvertrag geschlossen, der den Schutz der Daten unserer Seitenbesucher sicherstellt und eine unberechtigte Weitergabe an Dritte untersagt.<\/p>\n\n\n\n<h2 class=\"wp-block-heading\">4) Kontaktaufnahme<\/h2>\n\n\n\n<p>Im Rahmen der Kontaktaufnahme mit uns (z.B. per Kontaktformular oder E-Mail) werden personenbezogene Daten erhoben. Welche Daten im Falle der Nutzung eines Kontaktformulars erhoben werden, ist aus dem jeweiligen Kontaktformular ersichtlich. Diese Daten werden ausschlie\u00dflich zum Zweck der Beantwortung Ihres Anliegens bzw. f\u00fcr die Kontaktaufnahme und die damit verbundene technische Administration gespeichert und verwendet.<\/p>\n\n\n\n<p>Rechtsgrundlage f\u00fcr die Verarbeitung dieser Daten ist mein berechtigtes Interesse an der Beantwortung Ihres Anliegens gem\u00e4\u00df Art. 6 Abs. 1 lit. f DSGVO. Zielt Ihre Kontaktierung auf den Abschluss eines Vertrages ab, so ist zus\u00e4tzliche Rechtsgrundlage f\u00fcr die Verarbeitung Art. 6 Abs. 1 lit. b DSGVO. Ihre Daten werden nach abschlie\u00dfender Bearbeitung Ihrer Anfrage gel\u00f6scht. Dies ist der Fall, wenn sich aus den Umst\u00e4nden entnehmen l\u00e4sst, dass der betroffene Sachverhalt abschlie\u00dfend gekl\u00e4rt ist und sofern keine gesetzlichen Aufbewahrungspflichten entgegenstehen.<\/p>\n\n\n\n<h2 class=\"wp-block-heading\">5) Webanalysedienste<\/h2>\n\n\n\n<p><strong>5.1<\/strong>&nbsp;1&amp;1 IONOS WebAnalytics<\/p>\n\n\n\n<p>Diese Website nutzt den Webanalysedienst des folgenden Anbieters: 1&amp;1 IONOS Internet SE, Elgendorfer Str. 57, 56410 Montabaur, Deutschland<\/p>\n\n\n\n<p>Mithilfe von Cookies und\/oder vergleichbaren Technologien (Tracking-Pixel, Web-Beacons, Algorithmen zum Auslesen von Endger\u00e4te- und Browserinformationen) erhebt und speichert der Dienst pseudonymisierte Besucherdaten, darunter Informationen des verwendeten Endger\u00e4ts wie die IP-Adresse und Browserinformationen, um sie f\u00fcr statistische Analysen des Nutzungsverhaltens auf unserer Website auszuwerten und pseudonymisierte Nutzungsprofile zu erstellen. Unter anderem ist so die Auswertung von Bewegungsmustern (sog. Heatmaps) m\u00f6glich, welche die Dauer von Seitenbesuchen sowie Interaktionen mit Seiteninhalten (z. B. Texteingaben, Scrollen, Klicks und Mouse-Overs) aufzeigen. Die Pseudonymisierung schlie\u00dft eine direkte Personenbeziehbarkeit grunds\u00e4tzlich aus. Eine Zusammenf\u00fchrung mit auf andere Weise erhobenen Klardaten zu Ihrer Person findet nicht statt.<\/p>\n\n\n\n<p>Alle oben beschriebenen Verarbeitungen, insbesondere das Auslesen oder Speichern von Informationen auf dem verwendeten Endger\u00e4t, werden nur dann vollzogen, wenn Sie uns gem\u00e4\u00df Art. 6 Abs. 1 lit. a DSGVO dazu Ihre ausdr\u00fcckliche Einwilligung erteilt haben. Sie k\u00f6nnen Ihre erteilte Einwilligung jederzeit mit Wirkung f\u00fcr die Zukunft widerrufen, indem Sie diesen Dienst in dem auf der Webseite bereitgestellten \u201eCookie-Consent-Tool\u201c deaktivieren.<\/p>\n\n\n\n<h2 class=\"wp-block-heading\">6) Seitenfunktionalit\u00e4ten<\/h2>\n\n\n\n<p><strong>6.1<\/strong>&nbsp;FontAwesome<\/p>\n\n\n\n<p>Diese Seite nutzt zur einheitlichen Darstellung von Schriftarten sogenannte Web Fonts des folgenden Anbieters: Fonticons, Inc., 710 Blackhorn Dr, Carl Junction, 64834, MO, USA<\/p>\n\n\n\n<p>Beim Aufruf einer Seite l\u00e4dt Ihr Browser die ben\u00f6tigten Web Fonts in ihren Browser-Cache, um Texte und Schriftarten korrekt anzuzeigen und stellt eine direkte Verbindung zu den Servern des Anbieters her. Hierbei werden bestimmte Browserinformationen, einschlie\u00dflich Ihrer IP-Adresse, an den Anbieter \u00fcbermittelt.<\/p>\n\n\n\n<p>Die Verarbeitung von personenbezogenen Daten im Zuge der Verbindungsaufnahme mit dem Anbieter der Schriftarten wird nur dann vollzogen, wenn Sie uns gem\u00e4\u00df Art. 6 Abs. 1 lit. a DSGVO dazu Ihre ausdr\u00fcckliche Einwilligung erteilt haben. Sie k\u00f6nnen Ihre erteilte Einwilligung jederzeit mit Wirkung f\u00fcr die Zukunft widerrufen, indem Sie diesen Dienst \u00fcber das auf der Webseite bereitgestellte \u201eCookie-Consent-Tool\u201c deaktivieren. Falls Ihr Browser keine Web Fonts unterst\u00fctzt, wird eine Standardschrift von Ihrem Computer genutzt.<\/p>\n\n\n\n<p>F\u00fcr die \u00dcbermittlung von Daten in die USA beruft sich der Anbieter auf Standardvertragsklauseln der Europ\u00e4ischen Kommission, welche die Einhaltung des europ\u00e4ischen Datenschutzniveaus sicherstellen sollen.<\/p>\n\n\n\n<p><strong>6.2<\/strong>&nbsp;Google Web Fonts<\/p>\n\n\n\n<p>Diese Seite nutzt zur einheitlichen Darstellung von Schriftarten sogenannte Web Fonts des folgenden Anbieters: Google Ireland Limited, Gordon House, 4 Barrow St, Dublin, D04 E5W5, Irland<\/p>\n\n\n\n<p>Beim Aufruf einer Seite l\u00e4dt Ihr Browser die ben\u00f6tigten Web Fonts in ihren Browser-Cache, um Texte und Schriftarten korrekt anzuzeigen und stellt eine direkte Verbindung zu den Servern des Anbieters her. Hierbei werden bestimmte Browserinformationen, einschlie\u00dflich Ihrer IP-Adresse, an den Anbieter \u00fcbermittelt.<\/p>\n\n\n\n<p>Daten k\u00f6nnen zudem \u00fcbermittelt werden an: Google LLC, USA<\/p>\n\n\n\n<p>Die Verarbeitung von personenbezogenen Daten im Zuge der Verbindungsaufnahme mit dem Anbieter der Schriftarten wird nur dann vollzogen, wenn Sie uns gem\u00e4\u00df Art. 6 Abs. 1 lit. a DSGVO dazu Ihre ausdr\u00fcckliche Einwilligung erteilt haben. Sie k\u00f6nnen Ihre erteilte Einwilligung jederzeit mit Wirkung f\u00fcr die Zukunft widerrufen, indem Sie diesen Dienst \u00fcber das auf der Webseite bereitgestellte \u201eCookie-Consent-Tool\u201c deaktivieren. Falls Ihr Browser keine Web Fonts unterst\u00fctzt, wird eine Standardschrift von Ihrem Computer genutzt.<\/p>\n\n\n\n<p>F\u00fcr Daten\u00fcbermittlungen in die USA hat sich der Anbieter dem EU-US-Datenschutzrahmen (EU-US Data Privacy Framework) angeschlossen, das auf Basis eines Angemessenheitsbeschlusses der Europ\u00e4ischen Kommission die Einhaltung des europ\u00e4ischen Datenschutzniveaus&nbsp;sicherstellt.<\/p>\n\n\n\n<p>Weitere Hinweise zu den Datenschutzbestimmungen von Google finden sich hier: <a href=\"https:\/\/business.safety.google\/intl\/de\/privacy\/\" target=\"_blank\" rel=\"noreferrer noopener\">https:\/\/business.safety.google\/intl\/de\/privacy\/<\/a><\/p>\n\n\n\n<h2 class=\"wp-block-heading\">7) Rechte des Betroffenen<\/h2>\n\n\n\n<p><strong>7.1<\/strong>&nbsp;Das geltende Datenschutzrecht gew\u00e4hrt Ihnen gegen\u00fcber dem Verantwortlichen hinsichtlich der Verarbeitung Ihrer personenbezogenen Daten die nachstehenden Betroffenenrechte (Auskunfts- und Interventionsrechte), wobei f\u00fcr die jeweiligen Aus\u00fcbungsvoraussetzungen auf die angef\u00fchrte Rechtsgrundlage verwiesen wird:<\/p>\n\n\n\n<ul class=\"wp-block-list\">\n<li>Auskunftsrecht gem\u00e4\u00df Art. 15 DSGVO;<\/li>\n\n\n\n<li>Recht auf Berichtigung gem\u00e4\u00df Art. 16 DSGVO;<\/li>\n\n\n\n<li>Recht auf L\u00f6schung gem\u00e4\u00df Art. 17 DSGVO;<\/li>\n\n\n\n<li>Recht auf Einschr\u00e4nkung der Verarbeitung gem\u00e4\u00df Art. 18 DSGVO;<\/li>\n\n\n\n<li>Recht auf Unterrichtung gem\u00e4\u00df Art. 19 DSGVO;<\/li>\n\n\n\n<li>Recht auf Daten\u00fcbertragbarkeit gem\u00e4\u00df Art. 20 DSGVO;<\/li>\n\n\n\n<li>Recht auf Widerruf erteilter Einwilligungen gem\u00e4\u00df Art. 7 Abs. 3 DSGVO;<\/li>\n\n\n\n<li>Recht auf Beschwerde gem\u00e4\u00df Art. 77 DSGVO.<\/li>\n<\/ul>\n\n\n\n<p><strong>7.2<\/strong>&nbsp;WIDERSPRUCHSRECHT<\/p>\n\n\n\n<p>WENN ICH IM RAHMEN EINER INTERESSENABW\u00c4GUNG IHRE PERSONENBEZOGENEN DATEN AUFGRUND UNSERES \u00dcBERWIEGENDEN BERECHTIGTEN INTERESSES VERARBEITEN, HABEN SIE DAS JEDERZEITIGE RECHT, AUS GR\u00dcNDEN, DIE SICH AUS IHRER BESONDEREN SITUATION ERGEBEN, GEGEN DIESE VERARBEITUNG WIDERSPRUCH MIT WIRKUNG F\u00dcR DIE ZUKUNFT EINZULEGEN.<\/p>\n\n\n\n<p>MACHEN SIE VON IHREM WIDERSPRUCHSRECHT GEBRAUCH, BEENDE ICH DIE VERARBEITUNG DER BETROFFENEN DATEN. EINE WEITERVERARBEITUNG BLEIBT ABER VORBEHALTEN, WENN ICH ZWINGENDE SCHUTZW\u00dcRDIGE GR\u00dcNDE F\u00dcR DIE VERARBEITUNG NACHWEISEN K\u00d6NNEN, DIE IHRE INTERESSEN, GRUNDRECHTE UND GRUNDFREIHEITEN \u00dcBERWIEGEN, ODER WENN DIE VERARBEITUNG DER GELTENDMACHUNG, AUS\u00dcBUNG ODER VERTEIDIGUNG VON RECHTSANSPR\u00dcCHEN DIENT.<\/p>\n\n\n\n<p>WERDEN IHRE PERSONENBEZOGENEN DATEN VON MIR VERARBEITET, UM DIREKTWERBUNG ZU BETREIBEN, HABEN SIE DAS RECHT, JEDERZEIT WIDERSPRUCH GEGEN DIE VERARBEITUNG SIE BETREFFENDER PERSONENBEZOGENER DATEN ZUM ZWECKE DERARTIGER WERBUNG EINZULEGEN. SIE K\u00d6NNEN DEN WIDERSPRUCH WIE OBEN BESCHRIEBEN AUS\u00dcBEN.<\/p>\n\n\n\n<p>MACHEN SIE VON IHREM WIDERSPRUCHSRECHT GEBRAUCH, BEENDE ICH DIE VERARBEITUNG DER BETROFFENEN DATEN ZU DIREKTWERBEZWECKEN.<\/p>\n\n\n\n<h2 class=\"wp-block-heading\">8) Dauer der Speicherung personenbezogener Daten<\/h2>\n\n\n\n<p>Die Dauer der Speicherung von personenbezogenen Daten bemisst sich anhand der jeweiligen Rechtsgrundlage, am Verarbeitungszweck und \u2013 sofern einschl\u00e4gig \u2013 zus\u00e4tzlich anhand der jeweiligen gesetzlichen Aufbewahrungsfrist (z.B. handels- und steuerrechtliche Aufbewahrungsfristen).<\/p>\n\n\n\n<p>Bei der Verarbeitung von personenbezogenen Daten auf Grundlage einer ausdr\u00fccklichen Einwilligung gem\u00e4\u00df Art. 6 Abs. 1 lit. a DSGVO werden die betroffenen Daten so lange gespeichert, bis Sie Ihre Einwilligung widerrufen.<\/p>\n\n\n\n<p>Existieren gesetzliche Aufbewahrungsfristen f\u00fcr Daten, die im Rahmen rechtsgesch\u00e4ftlicher bzw. rechtsgesch\u00e4fts\u00e4hnlicher Verpflichtungen auf der Grundlage von Art. 6 Abs. 1 lit. b DSGVO verarbeitet werden, werden diese Daten nach Ablauf der Aufbewahrungsfristen routinem\u00e4\u00dfig gel\u00f6scht, sofern sie nicht mehr zur Vertragserf\u00fcllung oder Vertragsanbahnung erforderlich sind und\/oder meinerseits kein berechtigtes Interesse an der Weiterspeicherung fortbesteht.<\/p>\n\n\n\n<p>Bei der Verarbeitung von personenbezogenen Daten auf Grundlage von Art. 6 Abs. 1 lit. f DSGVO werden diese Daten so lange gespeichert, bis Sie Ihr Widerspruchsrecht nach Art. 21 Abs. 1 DSGVO aus\u00fcben, es sei denn, ich kann zwingende schutzw\u00fcrdige Gr\u00fcnde f\u00fcr die Verarbeitung nachweisen, die Ihre Interessen, Rechte und Freiheiten \u00fcberwiegen, oder die Verarbeitung dient der Geltendmachung, Aus\u00fcbung oder Verteidigung von Rechtsanspr\u00fcchen.<\/p>\n\n\n\n<p>Bei der Verarbeitung von personenbezogenen Daten zum Zwecke der Direktwerbung auf Grundlage von Art. 6 Abs. 1 lit. f DSGVO werden diese Daten so lange gespeichert, bis Sie Ihr Widerspruchsrecht nach Art. 21 Abs. 2 DSGVO aus\u00fcben.<\/p>\n\n\n\n<p>Sofern sich aus den sonstigen Informationen dieser Erkl\u00e4rung \u00fcber spezifische Verarbeitungssituationen nichts anderes ergibt, werden gespeicherte personenbezogene Daten im \u00dcbrigen dann gel\u00f6scht, wenn sie f\u00fcr die Zwecke, f\u00fcr die sie erhoben oder auf sonstige Weise verarbeitet wurden, nicht mehr notwendig sind.<\/p>\n<\/div>","protected":false},"excerpt":{"rendered":"<p>Datenschutzerkl\u00e4rung 1) Einleitung und Kontaktdaten des Verantwortlichen 1.1&nbsp;Ich freue mich, dass Sie unsere Website besuchen, und bedanke mich f\u00fcr Ihr Interesse. Im Folgenden informiere ich Sie \u00fcber den Umgang mit Ihren personenbezogenen Daten bei der Nutzung meiner Website. Personenbezogene Daten sind hierbei alle Daten, mit denen Sie pers\u00f6nlich identifiziert werden k\u00f6nnen. 1.2\u00a0Verantwortlicher f\u00fcr die Datenverarbeitung&#8230;<\/p>","protected":false},"author":1,"featured_media":0,"parent":0,"menu_order":0,"comment_status":"closed","ping_status":"closed","template":"","meta":{"_kad_post_transparent":"","_kad_post_title":"","_kad_post_layout":"","_kad_post_sidebar_id":"","_kad_post_content_style":"","_kad_post_vertical_padding":"","_kad_post_feature":"","_kad_post_feature_position":"","_kad_post_header":false,"_kad_post_footer":false,"_kad_post_classname":"","footnotes":""},"class_list":["post-356","page","type-page","status-publish","hentry"],"_links":{"self":[{"href":"https:\/\/katharina-schmidt-engineering.de\/en\/wp-json\/wp\/v2\/pages\/356","targetHints":{"allow":["GET"]}}],"collection":[{"href":"https:\/\/katharina-schmidt-engineering.de\/en\/wp-json\/wp\/v2\/pages"}],"about":[{"href":"https:\/\/katharina-schmidt-engineering.de\/en\/wp-json\/wp\/v2\/types\/page"}],"author":[{"embeddable":true,"href":"https:\/\/katharina-schmidt-engineering.de\/en\/wp-json\/wp\/v2\/users\/1"}],"replies":[{"embeddable":true,"href":"https:\/\/katharina-schmidt-engineering.de\/en\/wp-json\/wp\/v2\/comments?post=356"}],"version-history":[{"count":62,"href":"https:\/\/katharina-schmidt-engineering.de\/en\/wp-json\/wp\/v2\/pages\/356\/revisions"}],"predecessor-version":[{"id":1518,"href":"https:\/\/katharina-schmidt-engineering.de\/en\/wp-json\/wp\/v2\/pages\/356\/revisions\/1518"}],"wp:attachment":[{"href":"https:\/\/katharina-schmidt-engineering.de\/en\/wp-json\/wp\/v2\/media?parent=356"}],"curies":[{"name":"wp","href":"https:\/\/api.w.org\/{rel}","templated":true}]}}